{"id":22,"date":"2022-09-23T09:59:46","date_gmt":"2022-09-23T09:59:46","guid":{"rendered":"https:\/\/iwanowglobalrecruitment.com\/?page_id=22"},"modified":"2024-03-28T01:53:35","modified_gmt":"2024-03-28T01:53:35","slug":"opinie","status":"publish","type":"page","link":"https:\/\/iwanowglobalrecruitment.com\/ru\/opinie\/","title":{"rendered":"\u041e\u0442\u0437\u044b\u0432\u044b"},"content":{"rendered":"<div data-elementor-type=\"wp-page\" data-elementor-id=\"22\" class=\"elementor elementor-22\" data-elementor-post-type=\"page\">\n\t\t\t\t\t\t<section class=\"elementor-section elementor-top-section elementor-element elementor-element-9954d65 elementor-section-boxed elementor-section-height-default elementor-section-height-default\" data-id=\"9954d65\" data-element_type=\"section\">\n\t\t\t\t\t\t<div class=\"elementor-container elementor-column-gap-default\">\n\t\t\t\t\t<div class=\"elementor-column elementor-col-33 elementor-top-column elementor-element elementor-element-622959a\" data-id=\"622959a\" data-element_type=\"column\">\n\t\t\t<div class=\"elementor-widget-wrap elementor-element-populated\">\n\t\t\t\t\t\t<div class=\"elementor-element elementor-element-5f2e960 elementor-widget elementor-widget-testimonial\" data-id=\"5f2e960\" data-element_type=\"widget\" data-widget_type=\"testimonial.default\">\n\t\t\t\t<div class=\"elementor-widget-container\">\n\t\t\t\t\t\t\t<div class=\"elementor-testimonial-wrapper\">\n\t\t\t\t\t\t\t<div class=\"elementor-testimonial-content\">\u201eSkorzystali\u015bmy z us\u0142ug Pani Angeliki w poszukiwaniu pracownika szczebla managerskiego. Byli\u015bmy pozytywnie zaskoczeni profesjonalnym i rzeczowym podej\u015bciem. W pierwszym etapie rekrutacji Pani Angelika przeprowadzi\u0142a z nami wywiad by oceni\u0107 profil naszej firmy, \u015bredni wiek pracownik\u00f3w, osobowo\u015b\u0107 zespo\u0142u itp. nast\u0119pnie pod tym kontem by\u0142 poszukiwany kandydata. Otrzymali\u015bmy kilku potencjalnych aplikant\u00f3w, kt\u00f3rzy w ocenie rekrutera spe\u0142nia\u0142y nasze oczekiwania pod k\u0105tem wiedzy, do\u015bwiadczenia zawodowego oraz warto\u015bci mi\u0119kkich dopasowuj\u0105c kandydata do naszego zespo\u0142u.  Finalnie podj\u0119li\u015bmy wsp\u00f3\u0142prac\u0119 z jednym z kandydat\u00f3w.\nZ pe\u0142nym przekonaniem jestem w stanie poleci\u0107 us\u0142ugi IGR.\u201d\n<\/div>\n\t\t\t\n\t\t\t\t\t\t<div class=\"elementor-testimonial-meta\">\n\t\t\t\t<div class=\"elementor-testimonial-meta-inner\">\n\t\t\t\t\t\n\t\t\t\t\t\t\t\t\t\t<div class=\"elementor-testimonial-details\">\n\t\t\t\t\t\t\t\t\t\t\t\t\t\t<div class=\"elementor-testimonial-name\">\u041f\u0430\u0432\u0435\u043b<\/div>\n\t\t\t\t\t\t\t\t\t\t\t\t\t\t\t\t\t\t\t\t\t\t<div class=\"elementor-testimonial-job\"><b>Founder, \u0141asuch <\/b><br><\/div>\n\t\t\t\t\t\t\t\t\t\t\t\t\t<\/div>\n\t\t\t\t\t\t\t\t\t<\/div>\n\t\t\t<\/div>\n\t\t\t\t\t<\/div>\n\t\t\t\t\t\t<\/div>\n\t\t\t\t<\/div>\n\t\t\t\t\t<\/div>\n\t\t<\/div>\n\t\t\t\t<div class=\"elementor-column elementor-col-33 elementor-top-column elementor-element elementor-element-162302a\" data-id=\"162302a\" data-element_type=\"column\">\n\t\t\t<div class=\"elementor-widget-wrap elementor-element-populated\">\n\t\t\t\t\t\t<div class=\"elementor-element elementor-element-13d9ac5 elementor-widget elementor-widget-testimonial\" data-id=\"13d9ac5\" data-element_type=\"widget\" data-widget_type=\"testimonial.default\">\n\t\t\t\t<div class=\"elementor-widget-container\">\n\t\t\t\t\t\t\t<div class=\"elementor-testimonial-wrapper\">\n\t\t\t\t\t\t\t<div class=\"elementor-testimonial-content\">\u201eAngelika od razu zrozumia\u0142a moje potrzeby i dostosowa\u0142a je do poszukiwa\u0144 najlepszego kandydata na stanowisko w mojej firmie. Po\u015bwi\u0119ci\u0142a temu tak\u017ce wiele serca i czasu, jestem pod wra\u017ceniem jej profesjonalizmu i charyzmy. Jestem zadowolona z jej pracy i gor\u0105co polecam IGR.\u201d<\/div>\n\t\t\t\n\t\t\t\t\t\t<div class=\"elementor-testimonial-meta\">\n\t\t\t\t<div class=\"elementor-testimonial-meta-inner\">\n\t\t\t\t\t\n\t\t\t\t\t\t\t\t\t\t<div class=\"elementor-testimonial-details\">\n\t\t\t\t\t\t\t\t\t\t\t\t\t\t<div class=\"elementor-testimonial-name\">\u041b\u0430\u043d\u0430<\/div>\n\t\t\t\t\t\t\t\t\t\t\t\t\t\t\t\t\t\t\t\t\t\t<div class=\"elementor-testimonial-job\">CEO, Lana Nguyen &amp; Eppram <\/div>\n\t\t\t\t\t\t\t\t\t\t\t\t\t<\/div>\n\t\t\t\t\t\t\t\t\t<\/div>\n\t\t\t<\/div>\n\t\t\t\t\t<\/div>\n\t\t\t\t\t\t<\/div>\n\t\t\t\t<\/div>\n\t\t\t\t\t<\/div>\n\t\t<\/div>\n\t\t\t\t<div class=\"elementor-column elementor-col-33 elementor-top-column elementor-element elementor-element-38a984f\" data-id=\"38a984f\" data-element_type=\"column\">\n\t\t\t<div class=\"elementor-widget-wrap elementor-element-populated\">\n\t\t\t\t\t\t<div class=\"elementor-element elementor-element-8ccba3c elementor-widget elementor-widget-testimonial\" data-id=\"8ccba3c\" data-element_type=\"widget\" data-widget_type=\"testimonial.default\">\n\t\t\t\t<div class=\"elementor-widget-container\">\n\t\t\t\t\t\t\t<div class=\"elementor-testimonial-wrapper\">\n\t\t\t\t\t\t\t<div class=\"elementor-testimonial-content\">\u201eJako wsp\u00f3\u0142za\u0142o\u017cyciel CulinaryOn \/ EventyOn mia\u0142em przyjemno\u015b\u0107 i zaszczyt wsp\u00f3\u0142pracowa\u0107 z Angelik\u0105. Jej wk\u0142ad jako Dyrektor HR by\u0142 kluczowy dla sukcesu zespo\u0142u w naszej firmie, poniewa\u017c wybra\u0142a, przeszkoli\u0142a i motywowa\u0142a zesp\u00f3\u0142 podczas okresu start-upu oraz w trudnych czasach lockdownu spowodowanego COVID-19. Gor\u0105co polecam Angelik\u0119 i na pewno b\u0119dzie nam jej bardzo brakowa\u0107.\"<\/div>\n\t\t\t\n\t\t\t\t\t\t<div class=\"elementor-testimonial-meta\">\n\t\t\t\t<div class=\"elementor-testimonial-meta-inner\">\n\t\t\t\t\t\n\t\t\t\t\t\t\t\t\t\t<div class=\"elementor-testimonial-details\">\n\t\t\t\t\t\t\t\t\t\t\t\t\t\t<div class=\"elementor-testimonial-name\">\u0414\u0436\u0443\u043b\u0438\u043e<\/div>\n\t\t\t\t\t\t\t\t\t\t\t\t\t\t\t\t\t\t\t\t\t\t<div class=\"elementor-testimonial-job\">GM , CulinaryON &amp; EventyON<\/div>\n\t\t\t\t\t\t\t\t\t\t\t\t\t<\/div>\n\t\t\t\t\t\t\t\t\t<\/div>\n\t\t\t<\/div>\n\t\t\t\t\t<\/div>\n\t\t\t\t\t\t<\/div>\n\t\t\t\t<\/div>\n\t\t\t\t\t<\/div>\n\t\t<\/div>\n\t\t\t\t\t<\/div>\n\t\t<\/section>\n\t\t\t\t<section class=\"elementor-section elementor-top-section elementor-element elementor-element-dc6199a elementor-section-boxed elementor-section-height-default elementor-section-height-default\" data-id=\"dc6199a\" data-element_type=\"section\">\n\t\t\t\t\t\t<div class=\"elementor-container elementor-column-gap-default\">\n\t\t\t\t\t<div class=\"elementor-column elementor-col-33 elementor-top-column elementor-element elementor-element-34f1f6d\" data-id=\"34f1f6d\" data-element_type=\"column\">\n\t\t\t<div class=\"elementor-widget-wrap elementor-element-populated\">\n\t\t\t\t\t\t<div class=\"elementor-element elementor-element-18c395e elementor-widget elementor-widget-testimonial\" data-id=\"18c395e\" data-element_type=\"widget\" data-widget_type=\"testimonial.default\">\n\t\t\t\t<div class=\"elementor-widget-container\">\n\t\t\t\t\t\t\t<div class=\"elementor-testimonial-wrapper\">\n\t\t\t\t\t\t\t<div class=\"elementor-testimonial-content\">\"IGR pomog\u0142o nam w obsadzeniu jednych z najbardziej skomplikowanych wakat\u00f3w dla naszej firmy w USA (chemik formu\u0142acji kosmetyk\u00f3w i od\u017cywek, Dyrektor Operacyjny (Globalny), Kierownik Magazynu, Specjalista ds. Zakup\u00f3w itp.). Angelika jako Rekruter wykazuje wysoki poziom zaanga\u017cowania w procesy rekrutacyjne w firmie, jest uwa\u017cna na szczeg\u00f3\u0142y oraz produktywna w pracy z kandydatami. Angelika udziela w\u0142a\u015bciwych i wyczerpuj\u0105cych informacji zwrotnych oraz dotrzymuje termin\u00f3w, co moim zdaniem jest jednym z najwa\u017cniejszych element\u00f3w udanej rekrutacji. Gor\u0105co polecam Angelik\u0119 jako wykwalifikowanego mened\u017cera HR, gotowego stawi\u0107 czo\u0142o wszelkim wyzwaniom rekrutacyjnym!\"<\/div>\n\t\t\t\n\t\t\t\t\t\t<div class=\"elementor-testimonial-meta\">\n\t\t\t\t<div class=\"elementor-testimonial-meta-inner\">\n\t\t\t\t\t\n\t\t\t\t\t\t\t\t\t\t<div class=\"elementor-testimonial-details\">\n\t\t\t\t\t\t\t\t\t\t\t\t\t\t<div class=\"elementor-testimonial-name\">\u041a\u0430\u0442\u044f<br><span style=\"caret-color: rgb(57, 57, 57); color: rgb(57, 57, 57); font-family: Poppins, sans-serif; font-size: 11.899999618530273px; font-style: normal; font-variant-caps: normal;\">Global HR Business Partner , Concepta LLC <\/span><\/div>\n\t\t\t\t\t\t\t\t\t\t\t\t\t\t\t\t\t\t\t<\/div>\n\t\t\t\t\t\t\t\t\t<\/div>\n\t\t\t<\/div>\n\t\t\t\t\t<\/div>\n\t\t\t\t\t\t<\/div>\n\t\t\t\t<\/div>\n\t\t\t\t\t<\/div>\n\t\t<\/div>\n\t\t\t\t<div class=\"elementor-column elementor-col-33 elementor-top-column elementor-element elementor-element-d18b9bf\" data-id=\"d18b9bf\" data-element_type=\"column\">\n\t\t\t<div class=\"elementor-widget-wrap elementor-element-populated\">\n\t\t\t\t\t\t<div class=\"elementor-element elementor-element-43995b1 elementor-widget elementor-widget-testimonial\" data-id=\"43995b1\" data-element_type=\"widget\" data-widget_type=\"testimonial.default\">\n\t\t\t\t<div class=\"elementor-widget-container\">\n\t\t\t\t\t\t\t<div class=\"elementor-testimonial-wrapper\">\n\t\t\t\t\t\t\t<div class=\"elementor-testimonial-content\">\"Angelika- Jeden z najlepszych profesjonalist\u00f3w, jakich mia\u0142em w zespole. Inteligentna, odpowiedzialna, przyjazna osoba. Prawdziwy ekspert w dziedzinie HR i specjalista, kt\u00f3ry kompetentnie radzi sobie z ka\u017cdym, nawet naprawd\u0119 skomplikowanym projektem. Ponadto jej cechy osobiste tworz\u0105 odpowiedni klimat moralny i atmosfer\u0119 w zespole. To u\u015bmiech i s\u0142owa wsparcia, kt\u00f3re ka\u017cdego dnia tworz\u0105 dobr\u0105 atmosfer\u0119 dla ca\u0142ego zespo\u0142u. To by\u0142a czysta przyjemno\u015b\u0107 pracowa\u0107 z IGR!\"<\/div>\n\t\t\t\n\t\t\t\t\t\t<div class=\"elementor-testimonial-meta\">\n\t\t\t\t<div class=\"elementor-testimonial-meta-inner\">\n\t\t\t\t\t\n\t\t\t\t\t\t\t\t\t\t<div class=\"elementor-testimonial-details\">\n\t\t\t\t\t\t\t\t\t\t\t\t\t\t<div class=\"elementor-testimonial-name\">\u0410\u043d\u0430\u0441\u0442\u0430\u0441\u0438\u044f<\/div>\n\t\t\t\t\t\t\t\t\t\t\t\t\t\t\t\t\t\t\t\t\t\t<div class=\"elementor-testimonial-job\">Global Business Development Director I Head of Strategic Partnerships ,  G1ANT<\/div>\n\t\t\t\t\t\t\t\t\t\t\t\t\t<\/div>\n\t\t\t\t\t\t\t\t\t<\/div>\n\t\t\t<\/div>\n\t\t\t\t\t<\/div>\n\t\t\t\t\t\t<\/div>\n\t\t\t\t<\/div>\n\t\t\t\t\t<\/div>\n\t\t<\/div>\n\t\t\t\t<div class=\"elementor-column elementor-col-33 elementor-top-column elementor-element elementor-element-93b9000\" data-id=\"93b9000\" data-element_type=\"column\">\n\t\t\t<div class=\"elementor-widget-wrap elementor-element-populated\">\n\t\t\t\t\t\t<div class=\"elementor-element elementor-element-3442a3c elementor-widget elementor-widget-testimonial\" data-id=\"3442a3c\" data-element_type=\"widget\" data-widget_type=\"testimonial.default\">\n\t\t\t\t<div class=\"elementor-widget-container\">\n\t\t\t\t\t\t\t<div class=\"elementor-testimonial-wrapper\">\n\t\t\t\t\t\t\t<div class=\"elementor-testimonial-content\">\"Angelika to niezawodna, pracowita i bardzo zaanga\u017cowana osoba, o silnej orientacji biznesowej. Ca\u0142kowicie oddana swojej pracy!!! Bardzo \u0142atwo nawi\u0105zuje relacje biznesowe, oferuj\u0105c wysok\u0105 jako\u015b\u0107 wsparcia i us\u0142ug HR. Gdy pracujesz z kim\u015b, kto pasjonuje si\u0119 tym, co robi, dostajesz co\u015b bezcennego. Jest \u015bwietnym graczem zespo\u0142owym z profesjonalnym podej\u015bciem do dzia\u0142ania.\"<\/div>\n\t\t\t\n\t\t\t\t\t\t<div class=\"elementor-testimonial-meta\">\n\t\t\t\t<div class=\"elementor-testimonial-meta-inner\">\n\t\t\t\t\t\n\t\t\t\t\t\t\t\t\t\t<div class=\"elementor-testimonial-details\">\n\t\t\t\t\t\t\t\t\t\t\t\t\t\t<div class=\"elementor-testimonial-name\">\u041d\u0438\u043a\u043e<\/div>\n\t\t\t\t\t\t\t\t\t\t\t\t\t\t\t\t\t\t\t\t\t\t<div class=\"elementor-testimonial-job\">Sales &amp; Ransomware Expert<\/div>\n\t\t\t\t\t\t\t\t\t\t\t\t\t<\/div>\n\t\t\t\t\t\t\t\t\t<\/div>\n\t\t\t<\/div>\n\t\t\t\t\t<\/div>\n\t\t\t\t\t\t<\/div>\n\t\t\t\t<\/div>\n\t\t\t\t\t<\/div>\n\t\t<\/div>\n\t\t\t\t\t<\/div>\n\t\t<\/section>\n\t\t\t\t<section class=\"elementor-section elementor-top-section elementor-element elementor-element-bd00a46 elementor-section-boxed elementor-section-height-default elementor-section-height-default\" data-id=\"bd00a46\" data-element_type=\"section\">\n\t\t\t\t\t\t<div class=\"elementor-container elementor-column-gap-default\">\n\t\t\t\t\t<div class=\"elementor-column elementor-col-33 elementor-top-column elementor-element elementor-element-5e4c004\" data-id=\"5e4c004\" data-element_type=\"column\">\n\t\t\t<div class=\"elementor-widget-wrap elementor-element-populated\">\n\t\t\t\t\t\t<div class=\"elementor-element elementor-element-e6f93a0 elementor-widget elementor-widget-testimonial\" data-id=\"e6f93a0\" data-element_type=\"widget\" data-widget_type=\"testimonial.default\">\n\t\t\t\t<div class=\"elementor-widget-container\">\n\t\t\t\t\t\t\t<div class=\"elementor-testimonial-wrapper\">\n\t\t\t\t\t\t\t<div class=\"elementor-testimonial-content\">\"Wykona\u0142a \u015bwietn\u0105 prac\u0119. Zrozumia\u0142a kultur\u0119 naszej firmy, propozycj\u0119 warto\u015bci, strategi\u0119 wzrostu i znalaz\u0142a silnych kandydat\u00f3w, kt\u00f3rzy doskonale pasuj\u0105 do firmy. Warto z ni\u0105 wsp\u00f3\u0142pracowa\u0107, je\u015bli szukasz nowych, silnych talent\u00f3w w bran\u017cy ad tech i online w Japonii.\"\n<\/div>\n\t\t\t\n\t\t\t\t\t\t<div class=\"elementor-testimonial-meta\">\n\t\t\t\t<div class=\"elementor-testimonial-meta-inner\">\n\t\t\t\t\t\n\t\t\t\t\t\t\t\t\t\t<div class=\"elementor-testimonial-details\">\n\t\t\t\t\t\t\t\t\t\t\t\t\t\t<div class=\"elementor-testimonial-name\">Hajime<\/div>\n\t\t\t\t\t\t\t\t\t\t\t\t\t\t\t\t\t\t\t\t\t\t<div class=\"elementor-testimonial-job\">MD at OpenClassrooms \/ DAS<\/div>\n\t\t\t\t\t\t\t\t\t\t\t\t\t<\/div>\n\t\t\t\t\t\t\t\t\t<\/div>\n\t\t\t<\/div>\n\t\t\t\t\t<\/div>\n\t\t\t\t\t\t<\/div>\n\t\t\t\t<\/div>\n\t\t\t\t\t<\/div>\n\t\t<\/div>\n\t\t\t\t<div class=\"elementor-column elementor-col-33 elementor-top-column elementor-element elementor-element-1ce1774\" data-id=\"1ce1774\" data-element_type=\"column\">\n\t\t\t<div class=\"elementor-widget-wrap elementor-element-populated\">\n\t\t\t\t\t\t<div class=\"elementor-element elementor-element-cbdff26 elementor-widget elementor-widget-testimonial\" data-id=\"cbdff26\" data-element_type=\"widget\" data-widget_type=\"testimonial.default\">\n\t\t\t\t<div class=\"elementor-widget-container\">\n\t\t\t\t\t\t\t<div class=\"elementor-testimonial-wrapper\">\n\t\t\t\t\t\t\t<div class=\"elementor-testimonial-content\">&#034;\u042f \u0438\u043c\u0435\u043b\u0430 \u0443\u0434\u043e\u0432\u043e\u043b\u044c\u0441\u0442\u0432\u0438\u0435 \u0440\u0430\u0431\u043e\u0442\u0430\u0442\u044c \u0441 \u0433-\u0436\u043e\u0439 \u0410\u043d\u0436\u0435\u043b\u0438\u043a\u043e\u0439 \u043d\u0430\u0434 \u043e\u0434\u043d\u0438\u043c \u0438\u0437 \u043f\u0440\u043e\u0435\u043a\u0442\u043e\u0432, \u043a\u043e\u0442\u043e\u0440\u044b\u043c\u0438 \u043e\u043d\u0430 \u0440\u0443\u043a\u043e\u0432\u043e\u0434\u0438\u043b\u0430. \u042d\u0442\u043e \u043f\u0440\u043e\u0444\u0435\u0441\u0441\u0438\u043e\u043d\u0430\u043b\u044c\u043d\u044b\u0439 \u0447\u0435\u043b\u043e\u0432\u0435\u043a, \u043f\u0440\u0435\u043a\u0440\u0430\u0441\u043d\u043e \u0437\u043d\u0430\u044e\u0449\u0438\u0439 \u0442\u0435\u043c\u0443 \u0440\u044b\u043d\u043a\u0430 \u0441\u0442\u0440\u043e\u0438\u0442\u0435\u043b\u044c\u0441\u0442\u0432\u0430 \u0438 \u043d\u0435\u0434\u0432\u0438\u0436\u0438\u043c\u043e\u0441\u0442\u0438. \u041e\u0442\u043b\u0438\u0447\u043d\u0430\u044f \u043f\u0440\u0435\u0434\u043c\u0435\u0442\u043d\u0430\u044f \u043f\u043e\u0434\u0433\u043e\u0442\u043e\u0432\u043a\u0430 \u0438\u0434\u0435\u0442 \u0440\u0443\u043a\u0430 \u043e\u0431 \u0440\u0443\u043a\u0443 \u0441 \u043e\u0447\u0435\u043d\u044c \u043f\u0440\u0438\u044f\u0442\u043d\u043e\u0439 \u0430\u0442\u043c\u043e\u0441\u0444\u0435\u0440\u043e\u0439 \u043d\u0430 \u0432\u0441\u0442\u0440\u0435\u0447\u0435. \u0413-\u0436\u0430 \u0410\u043d\u0436\u0435\u043b\u0438\u043a\u0430 \u0434\u043e\u0441\u0442\u043e\u0439\u043d\u044b\u0439 \u0438 \u0440\u0435\u043a\u043e\u043c\u0435\u043d\u0434\u043e\u0432\u0430\u043d\u043d\u044b\u0439 \u043f\u0440\u043e\u0444\u0435\u0441\u0441\u0438\u043e\u043d\u0430\u043b !!!\u201d<\/div>\n\t\t\t\n\t\t\t\t\t\t<div class=\"elementor-testimonial-meta\">\n\t\t\t\t<div class=\"elementor-testimonial-meta-inner\">\n\t\t\t\t\t\n\t\t\t\t\t\t\t\t\t\t<div class=\"elementor-testimonial-details\">\n\t\t\t\t\t\t\t\t\t\t\t\t\t\t<div class=\"elementor-testimonial-name\">\u041c\u0430\u0440\u0444\u0430<\/div>\n\t\t\t\t\t\t\t\t\t\t\t\t\t\t\t\t\t\t\t\t\t\t<div class=\"elementor-testimonial-job\">Site Services Manager at JPMorgan Chase &amp; Co. \/Facility Managment\/Workplace Managment\/Real Estate Managment\/<\/div>\n\t\t\t\t\t\t\t\t\t\t\t\t\t<\/div>\n\t\t\t\t\t\t\t\t\t<\/div>\n\t\t\t<\/div>\n\t\t\t\t\t<\/div>\n\t\t\t\t\t\t<\/div>\n\t\t\t\t<\/div>\n\t\t\t\t\t<\/div>\n\t\t<\/div>\n\t\t\t\t<div class=\"elementor-column elementor-col-33 elementor-top-column elementor-element elementor-element-c26fe22\" data-id=\"c26fe22\" data-element_type=\"column\">\n\t\t\t<div class=\"elementor-widget-wrap\">\n\t\t\t\t\t\t\t<\/div>\n\t\t<\/div>\n\t\t\t\t\t<\/div>\n\t\t<\/section>\n\t\t\t\t<\/div>","protected":false},"excerpt":{"rendered":"<p>\u201eSkorzystali\u015bmy z us\u0142ug Pani Angeliki w poszukiwaniu pracownika szczebla managerskiego. Byli\u015bmy pozytywnie zaskoczeni profesjonalnym i rzeczowym podej\u015bciem. W pierwszym etapie rekrutacji Pani Angelika przeprowadzi\u0142a z nami wywiad by oceni\u0107 profil naszej firmy, \u015bredni wiek pracownik\u00f3w, osobowo\u015b\u0107 zespo\u0142u itp. nast\u0119pnie pod tym kontem by\u0142 poszukiwany kandydata. Otrzymali\u015bmy kilku potencjalnych aplikant\u00f3w, kt\u00f3rzy w ocenie rekrutera spe\u0142nia\u0142y nasze [&hellip;]<\/p>","protected":false},"author":1,"featured_media":0,"parent":0,"menu_order":0,"comment_status":"closed","ping_status":"closed","template":"","meta":{"ocean_post_layout":"","ocean_both_sidebars_style":"","ocean_both_sidebars_content_width":0,"ocean_both_sidebars_sidebars_width":0,"ocean_sidebar":"0","ocean_second_sidebar":"0","ocean_disable_margins":"enable","ocean_add_body_class":"","ocean_shortcode_before_top_bar":"","ocean_shortcode_after_top_bar":"","ocean_shortcode_before_header":"","ocean_shortcode_after_header":"","ocean_has_shortcode":"","ocean_shortcode_after_title":"","ocean_shortcode_before_footer_widgets":"","ocean_shortcode_after_footer_widgets":"","ocean_shortcode_before_footer_bottom":"","ocean_shortcode_after_footer_bottom":"","ocean_display_top_bar":"default","ocean_display_header":"default","ocean_header_style":"","ocean_center_header_left_menu":"0","ocean_custom_header_template":"0","ocean_custom_logo":0,"ocean_custom_retina_logo":0,"ocean_custom_logo_max_width":0,"ocean_custom_logo_tablet_max_width":0,"ocean_custom_logo_mobile_max_width":0,"ocean_custom_logo_max_height":0,"ocean_custom_logo_tablet_max_height":0,"ocean_custom_logo_mobile_max_height":0,"ocean_header_custom_menu":"0","ocean_menu_typo_font_family":"0","ocean_menu_typo_font_subset":"","ocean_menu_typo_font_size":0,"ocean_menu_typo_font_size_tablet":0,"ocean_menu_typo_font_size_mobile":0,"ocean_menu_typo_font_size_unit":"px","ocean_menu_typo_font_weight":"","ocean_menu_typo_font_weight_tablet":"","ocean_menu_typo_font_weight_mobile":"","ocean_menu_typo_transform":"","ocean_menu_typo_transform_tablet":"","ocean_menu_typo_transform_mobile":"","ocean_menu_typo_line_height":0,"ocean_menu_typo_line_height_tablet":0,"ocean_menu_typo_line_height_mobile":0,"ocean_menu_typo_line_height_unit":"","ocean_menu_typo_spacing":0,"ocean_menu_typo_spacing_tablet":0,"ocean_menu_typo_spacing_mobile":0,"ocean_menu_typo_spacing_unit":"","ocean_menu_link_color":"","ocean_menu_link_color_hover":"","ocean_menu_link_color_active":"","ocean_menu_link_background":"","ocean_menu_link_hover_background":"","ocean_menu_link_active_background":"","ocean_menu_social_links_bg":"","ocean_menu_social_hover_links_bg":"","ocean_menu_social_links_color":"","ocean_menu_social_hover_links_color":"","ocean_disable_title":"default","ocean_disable_heading":"default","ocean_post_title":"","ocean_post_subheading":"","ocean_post_title_style":"","ocean_post_title_background_color":"","ocean_post_title_background":0,"ocean_post_title_bg_image_position":"","ocean_post_title_bg_image_attachment":"","ocean_post_title_bg_image_repeat":"","ocean_post_title_bg_image_size":"","ocean_post_title_height":0,"ocean_post_title_bg_overlay":0.5,"ocean_post_title_bg_overlay_color":"","ocean_disable_breadcrumbs":"default","ocean_breadcrumbs_color":"","ocean_breadcrumbs_separator_color":"","ocean_breadcrumbs_links_color":"","ocean_breadcrumbs_links_hover_color":"","ocean_display_footer_widgets":"default","ocean_display_footer_bottom":"default","ocean_custom_footer_template":"0","footnotes":""},"class_list":["post-22","page","type-page","status-publish","hentry","entry","owp-thumbs-layout-horizontal","owp-btn-normal","owp-tabs-layout-horizontal","has-no-thumbnails"],"aioseo_notices":[],"_links":{"self":[{"href":"https:\/\/iwanowglobalrecruitment.com\/ru\/wp-json\/wp\/v2\/pages\/22","targetHints":{"allow":["GET"]}}],"collection":[{"href":"https:\/\/iwanowglobalrecruitment.com\/ru\/wp-json\/wp\/v2\/pages"}],"about":[{"href":"https:\/\/iwanowglobalrecruitment.com\/ru\/wp-json\/wp\/v2\/types\/page"}],"author":[{"embeddable":true,"href":"https:\/\/iwanowglobalrecruitment.com\/ru\/wp-json\/wp\/v2\/users\/1"}],"replies":[{"embeddable":true,"href":"https:\/\/iwanowglobalrecruitment.com\/ru\/wp-json\/wp\/v2\/comments?post=22"}],"version-history":[{"count":7,"href":"https:\/\/iwanowglobalrecruitment.com\/ru\/wp-json\/wp\/v2\/pages\/22\/revisions"}],"predecessor-version":[{"id":310,"href":"https:\/\/iwanowglobalrecruitment.com\/ru\/wp-json\/wp\/v2\/pages\/22\/revisions\/310"}],"wp:attachment":[{"href":"https:\/\/iwanowglobalrecruitment.com\/ru\/wp-json\/wp\/v2\/media?parent=22"}],"curies":[{"name":"wp","href":"https:\/\/api.w.org\/{rel}","templated":true}]}}